{"id":250066,"date":"2022-02-03T14:40:13","date_gmt":"2022-02-03T13:40:13","guid":{"rendered":"https:\/\/peyrassol.lecompasdigital.fr\/restaurants-and-accommodation\/accommodation\/la-commanderie-de-peyrassol\/"},"modified":"2023-12-08T17:48:42","modified_gmt":"2023-12-08T16:48:42","slug":"la-commanderie-de-peyrassol","status":"publish","type":"page","link":"https:\/\/peyrassol.lecompasdigital.fr\/en\/restaurants-and-accommodation\/accommodation\/la-commanderie-de-peyrassol\/","title":{"rendered":"La Commanderie de Peyrassol"},"content":{"rendered":"<p>[et_pb_section fb_built=&#8221;1&#8243; admin_label=&#8221;Section&#8221; module_class=&#8221;parahacks&#8221; _builder_version=&#8221;4.16&#8243; _module_preset=&#8221;default&#8221; background_image=&#8221;https:\/\/peyrassol.lecompasdigital.fr\/wp-content\/uploads\/peyrassol-hotel-var-vin-de-provence-v2.jpg&#8221; height=&#8221;50vh&#8221; custom_margin=&#8221;-50px|||||&#8221; custom_padding=&#8221;||86px|||&#8221; scroll_fade=&#8221;20|35|35|100|0|50%|100&#8243; scroll_blur_enable=&#8221;on&#8221; scroll_blur=&#8221;30|96|98|100|0px|0px|3px&#8221; da_disable_devices=&#8221;off|off|off&#8221; locked=&#8221;off&#8221; global_colors_info=&#8221;{}&#8221; da_is_popup=&#8221;off&#8221; da_exit_intent=&#8221;off&#8221; da_has_close=&#8221;on&#8221; da_alt_close=&#8221;off&#8221; da_dark_close=&#8221;off&#8221; da_not_modal=&#8221;on&#8221; da_is_singular=&#8221;off&#8221; da_with_loader=&#8221;off&#8221; da_has_shadow=&#8221;on&#8221;][\/et_pb_section][et_pb_section fb_built=&#8221;1&#8243; admin_label=&#8221;Section&#8221; _builder_version=&#8221;4.22.1&#8243; _module_preset=&#8221;default&#8221; background_color=&#8221;RGBA(255,255,255,0)&#8221; positioning=&#8221;fixed&#8221; position_origin_a=&#8221;top_right&#8221; position_origin_f=&#8221;bottom_right&#8221; horizontal_offset=&#8221;-30px&#8221; z_index=&#8221;500&#8243; width=&#8221;20%&#8221; width_tablet=&#8221;100%&#8221; width_phone=&#8221;100%&#8221; width_last_edited=&#8221;on|phone&#8221; max_width=&#8221;20%&#8221; max_width_tablet=&#8221;100%&#8221; max_width_phone=&#8221;100%&#8221; max_width_last_edited=&#8221;on|tablet&#8221; custom_margin=&#8221;|0px|||false|false&#8221; custom_padding=&#8221;|0px||0px|true|true&#8221; da_disable_devices=&#8221;off|off|off&#8221; global_colors_info=&#8221;{}&#8221; da_is_popup=&#8221;off&#8221; da_exit_intent=&#8221;off&#8221; da_has_close=&#8221;on&#8221; da_alt_close=&#8221;off&#8221; da_dark_close=&#8221;off&#8221; da_not_modal=&#8221;on&#8221; da_is_singular=&#8221;off&#8221; da_with_loader=&#8221;off&#8221; da_has_shadow=&#8221;on&#8221;][et_pb_row _builder_version=&#8221;4.22.1&#8243; _module_preset=&#8221;default&#8221; custom_padding=&#8221;|0px||0px|false|true&#8221; global_colors_info=&#8221;{}&#8221;][et_pb_column type=&#8221;4_4&#8243; _builder_version=&#8221;4.22.1&#8243; _module_preset=&#8221;default&#8221; global_colors_info=&#8221;{}&#8221;][et_pb_code _builder_version=&#8221;4.22.1&#8243; _module_preset=&#8221;default&#8221; text_orientation=&#8221;right&#8221; global_colors_info=&#8221;{}&#8221;]<iframe id=\"littleWidgetQualitelis\" class=\"WidgetQualitelisIframe\" src=\"https:\/\/www.qualitelis-survey.com\/Widget.mvc\/ShowNotation?Token=37514127-32f5-46c0-a3a9-1a79294ff071&#038;IdWidget=5330&#038;LittleWidget=true\" scrolling=\"no\" style=\"height: 150px; width: 150px\"><\/iframe><!-- [et_pb_line_break_holder] -->[\/et_pb_code][\/et_pb_column][\/et_pb_row][\/et_pb_section][et_pb_section fb_built=&#8221;1&#8243; disabled_on=&#8221;off|off|off&#8221; admin_label=&#8221;histoire&#8221; _builder_version=&#8221;4.16&#8243; _module_preset=&#8221;default&#8221; width=&#8221;100%&#8221; max_width=&#8221;100%&#8221; custom_padding=&#8221;25px||25px||true|false&#8221; da_disable_devices=&#8221;off|off|off&#8221; locked=&#8221;off&#8221; global_colors_info=&#8221;{}&#8221; da_is_popup=&#8221;off&#8221; da_exit_intent=&#8221;off&#8221; da_has_close=&#8221;on&#8221; da_alt_close=&#8221;off&#8221; da_dark_close=&#8221;off&#8221; da_not_modal=&#8221;on&#8221; da_is_singular=&#8221;off&#8221; da_with_loader=&#8221;off&#8221; da_has_shadow=&#8221;on&#8221;][et_pb_row custom_padding_last_edited=&#8221;on|phone&#8221; _builder_version=&#8221;4.16&#8243; background_color=&#8221;#ffffff&#8221; max_width=&#8221;1280px&#8221; custom_margin=&#8221;-100px||||false|false&#8221; custom_padding=&#8221;6px|40px|6px|40px|true|true&#8221; custom_padding_tablet=&#8221;6px|40px|6px|40px|true|true&#8221; custom_padding_phone=&#8221;6px|10px|6px|10px|true|true&#8221; border_color_all=&#8221;#eff5f7&#8243; use_custom_width=&#8221;on&#8221; custom_width_px=&#8221;1280px&#8221; global_colors_info=&#8221;{}&#8221;][et_pb_column type=&#8221;4_4&#8243; _builder_version=&#8221;4.16&#8243; custom_padding=&#8221;|||&#8221; global_colors_info=&#8221;{}&#8221; custom_padding__hover=&#8221;|||&#8221;][dipi_breadcrumbs bc_separator=&#8221;symbol&#8221; bc_items_alignment=&#8221;dipi-bc-center&#8221; bc_separator_sysmbol=&#8221;\/&#8221; bc_schema=&#8221;off&#8221; _builder_version=&#8221;4.16&#8243; _module_preset=&#8221;_initial&#8221; items_font=&#8221;Baskervville||on||||||&#8221; items_text_color=&#8221;#5e5e5e&#8221; active_font=&#8221;|600|||||||&#8221; active_text_color=&#8221;#5b5b5b&#8221; custom_padding=&#8221;24px||24px||true|false&#8221; border_color_all_items=&#8221;RGBA(255,255,255,0)&#8221; global_colors_info=&#8221;{}&#8221; active_text_color__hover_enabled=&#8221;on|hover&#8221; active_text_color__hover=&#8221;#CD1719&#8243; items_text_color__hover_enabled=&#8221;on|desktop&#8221; items_text_color__hover=&#8221;#CD1719&#8243;][\/dipi_breadcrumbs][et_pb_text _builder_version=&#8221;4.22.1&#8243; _module_preset=&#8221;8a4129bd-0fa1-4a21-84e9-6490daf23054&#8243; header_font=&#8221;Baskervville|||on|||||&#8221; header_text_color=&#8221;#CD1719&#8243; header_font_size=&#8221;40pt&#8221; header_letter_spacing=&#8221;-2px&#8221; custom_padding_tablet=&#8221;|0%||0%|false|true&#8221; custom_padding_phone=&#8221;|5%||5%|false|true&#8221; custom_padding_last_edited=&#8221;on|phone&#8221; hover_enabled=&#8221;0&#8243; header_font_size_tablet=&#8221;30pt&#8221; header_font_size_phone=&#8221;17pt&#8221; header_font_size_last_edited=&#8221;on|phone&#8221; global_colors_info=&#8221;{}&#8221; sticky_enabled=&#8221;0&#8243;]<\/p>\n<h1>OUR ROOMS AT &#8220;LA COMMANDERIE DE PEYRASSOL&#8221;<\/h1>\n<p>[\/et_pb_text][et_pb_text content_tablet=&#8221;<\/p>\n<h2>Les chambres d&#8217;h\u00f4tes<\/h2>\n<\/p>\n<p>Au c\u0153ur de la Provence, sur les contreforts du Massif des Maures, la Commanderie de Peyrassol vous propose de prolonger votre s\u00e9jour au domaine ou dans son annexe la Bastide de la Rouvi\u00e8re situ\u00e9 \u00e0 1 km, en passant une ou plusieurs nuits dans nos chambres typiquement proven\u00e7ales. Pour un week-end ou une semaine hors du temps, dans le calme absolu d\u2019une nature pr\u00e9serv\u00e9e, en famille ou entre amis. R\u00e9nov\u00e9es avec go\u00fbt dans le style qu\u2019impose la force de ces lieux charg\u00e9s d\u2019histoire, nos chambres sont dot\u00e9es de tout le confort moderne.<\/p>\n<p>&#8221; content_phone=&#8221;<\/p>\n<h2>Les chambres d&#8217;h\u00f4tes<\/h2>\n<\/p>\n<p>Au c\u0153ur de la Provence, sur les contreforts du Massif des Maures, la Commanderie de Peyrassol vous propose de prolonger votre s\u00e9jour au domaine ou dans son annexe la Bastide de la Rouvi\u00e8re situ\u00e9 \u00e0 1 km, en passant une ou plusieurs nuits dans nos chambres typiquement proven\u00e7ales. Pour un week-end ou une semaine hors du temps, dans le calme absolu d\u2019une nature pr\u00e9serv\u00e9e, en famille ou entre amis. R\u00e9nov\u00e9es avec go\u00fbt dans le style qu\u2019impose la force de ces lieux charg\u00e9s d\u2019histoire, nos chambres sont dot\u00e9es de tout le confort moderne.<\/p>\n<p>&#8221; content_last_edited=&#8221;off|desktop&#8221; _builder_version=&#8221;4.22.1&#8243; _module_preset=&#8221;_initial&#8221; text_font_size=&#8221;14pt&#8221; header_2_font=&#8221;Baskervville||||||||&#8221; header_2_font_size=&#8221;20pt&#8221; custom_padding_tablet=&#8221;|0%||0%|false|true&#8221; custom_padding_phone=&#8221;|0%||0%|false|true&#8221; custom_padding_last_edited=&#8221;on|phone&#8221; hover_enabled=&#8221;0&#8243; header_2_font_size_tablet=&#8221;20pt&#8221; header_2_font_size_phone=&#8221;17pt&#8221; header_2_font_size_last_edited=&#8221;on|phone&#8221; locked=&#8221;off&#8221; global_colors_info=&#8221;{}&#8221; sticky_enabled=&#8221;0&#8243;]<\/p>\n<p><a href=\"https:\/\/peyrassol.lecompasdigital.fr\/en\/the-wine-estate\/\">In the heart of the village<\/a>, directly accessible from our stone calade, the rooms at the Commanderie embody the Art of Living in Provence. Tastefully renovated in a style befitting the powerful history of these places, the rooms at the Commanderie de Peyrassol welcome you from June to the end of August. They are just steps away from all the points of interest and benefit from the ambiance of the estate.<\/p>\n<p>[\/et_pb_text][et_pb_cta button_url=&#8221;https:\/\/peyrassol-83340-booking.myasterio.com\/betemplate\/HOTELMONO\/booking?kml_code=PEYRASSOL-83340&#8243; button_text=&#8221;Book a room&#8221; admin_label=&#8221;Appel d&#039;action tarif &#8221; _builder_version=&#8221;4.22.1&#8243; _module_preset=&#8221;default&#8221; header_font=&#8221;Libre Baskerville|700|||||||&#8221; header_text_color=&#8221;#CC1517&#8243; body_font=&#8221;Libre Baskerville||||||||&#8221; body_text_color=&#8221;#CC1517&#8243; background_color=&#8221;RGBA(255,255,255,0)&#8221; custom_button=&#8221;on&#8221; button_text_size=&#8221;20px&#8221; button_text_color=&#8221;#FFFFFF&#8221; button_bg_color=&#8221;#CC1517&#8243; button_border_width=&#8221;0px&#8221; button_border_radius=&#8221;0px&#8221; button_font=&#8221;Baskervville||||||||&#8221; background_layout=&#8221;light&#8221; custom_margin=&#8221;||||false|false&#8221; custom_padding=&#8221;0px||0px||false|false&#8221; hover_enabled=&#8221;0&#8243; button_alignment_tablet=&#8221;center&#8221; button_alignment_phone=&#8221;center&#8221; button_alignment_last_edited=&#8221;on|phone&#8221; global_colors_info=&#8221;{}&#8221; sticky_enabled=&#8221;0&#8243;][\/et_pb_cta][\/et_pb_column][\/et_pb_row][\/et_pb_section][et_pb_section fb_built=&#8221;1&#8243; admin_label=&#8221;blanc s\u00e9parateur 2 &#8211; 1&#8243; _builder_version=&#8221;4.16&#8243; _module_preset=&#8221;default&#8221; custom_padding=&#8221;0px||117px|||&#8221; da_disable_devices=&#8221;off|off|off&#8221; locked=&#8221;off&#8221; collapsed=&#8221;on&#8221; global_colors_info=&#8221;{}&#8221; da_is_popup=&#8221;off&#8221; da_exit_intent=&#8221;off&#8221; da_has_close=&#8221;on&#8221; da_alt_close=&#8221;off&#8221; da_dark_close=&#8221;off&#8221; da_not_modal=&#8221;on&#8221; da_is_singular=&#8221;off&#8221; da_with_loader=&#8221;off&#8221; da_has_shadow=&#8221;on&#8221;][et_pb_row disabled_on=&#8221;off|off|off&#8221; _builder_version=&#8221;4.16&#8243; _module_preset=&#8221;default&#8221; global_colors_info=&#8221;{}&#8221;][et_pb_column type=&#8221;4_4&#8243; _builder_version=&#8221;4.16&#8243; _module_preset=&#8221;default&#8221; global_colors_info=&#8221;{}&#8221;][et_pb_text content_tablet=&#8221;<\/p>\n<h3 style=%22text-align: left;%22>Les cinq chambres de la Commanderie<\/h3>\n<p style=%22text-align: justify;%22><span><br \/>\n<\/span><span>Au <a href=%22https:\/\/peyrassol.lecompasdigital.fr\/le-domaine-viticole\/%22>c\u0153ur du village<\/a>, directement accessible depuis notre calade en pierres, les chambres de la Commanderie s\u2019inscrivent dans une ambiance Art de Vivre en Provence.<\/span><br \/>\n<span><br \/>\nR\u00e9nov\u00e9es avec go\u00fbt dans le style qu\u2019impose la force de ces lieux charg\u00e9s d\u2019histoire, les chambres de la Commanderie de Peyrassol b\u00e9n\u00e9ficient de l\u2019ambiance du Domaine.<\/span><\/p>\n<p>&#8221; content_phone=&#8221;<\/p>\n<h3 style=%22text-align: center;%22>Les cinq chambres de la Commanderie<\/h3>\n<p style=%22text-align: center;%22><span>Au <a href=%22https:\/\/peyrassol.lecompasdigital.fr\/le-domaine-viticole\/%22>c\u0153ur du village<\/a>, directement accessible depuis notre calade en pierres, les chambres de la Commanderie s\u2019inscrivent dans une ambiance Art de Vivre en Provence.<\/span><br \/><span><br \/>R\u00e9nov\u00e9es avec go\u00fbt dans le style qu\u2019impose la force de ces lieux charg\u00e9s d\u2019histoire, les chambres de la Commanderie de Peyrassol b\u00e9n\u00e9ficient de l\u2019ambiance du Domaine.<\/span><\/p>\n<p>&#8221; content_last_edited=&#8221;off|desktop&#8221; admin_label=&#8221;Texte en gris atelier art&#8221; _builder_version=&#8221;4.22.1&#8243; _module_preset=&#8221;default&#8221; header_2_text_align=&#8221;center&#8221; header_3_font=&#8221;Baskervville|||on|||||&#8221; header_3_text_align=&#8221;center&#8221; header_3_text_color=&#8221;#CD1719&#8243; background_color=&#8221;RGBA(255,255,255,0)&#8221; custom_margin=&#8221;0px||||false|false&#8221; custom_padding=&#8221;50px||50px||true|true&#8221; hover_enabled=&#8221;0&#8243; header_3_font_size_tablet=&#8221;&#8221; header_3_font_size_phone=&#8221;17pt&#8221; header_3_font_size_last_edited=&#8221;on|phone&#8221; global_colors_info=&#8221;{}&#8221; sticky_enabled=&#8221;0&#8243;]<\/p>\n<h3>The five rooms of the Commanderie<\/h3>\n<p>With a view overlooking the Bistrot de Lou, the large village square room boasts a charming living room and an Italian shower room. The Rom\u00e9o &#038; Juliette and Aux couleurs rooms are cozier, one with a shower and the other with a bathtub. Both enjoy views of two beautiful art pieces from the estate and share a small lounge. Finally, the two attic rooms offer a snug haven with textured bed linens and freestanding bathtubs. For your peace of mind, parking is located more than 200m away from the heart of the village. Additionally, our team is available to assist you with a golf cart at your arrival and departure.[\/et_pb_text][dmg_masonry_gallery gallery=&#8221;248132,248130,248106,248124,248116,248147,248102,248114,248112,248141,248149,248151&#8243; columns_tablet=&#8221;2&#8243; columns_phone=&#8221;2&#8243; columns_last_edited=&#8221;on|tablet&#8221; _builder_version=&#8221;4.22.1&#8243; _module_preset=&#8221;default&#8221; global_colors_info=&#8221;{}&#8221;][\/dmg_masonry_gallery][\/et_pb_column][\/et_pb_row][\/et_pb_section]<\/p>\n","protected":false},"excerpt":{"rendered":"<p><div class=\"et_pb_with_border et_pb_module dipi_breadcrumbs dipi_breadcrumbs_0\">\n\t\t\t\t\n\t\t\t\t\n\t\t\t\t\n\t\t\t\t\n\t\t\t\t\n\t\t\t\t\n\t\t\t\t<div class=\"et_pb_module_inner\">\n\t\t\t\t\t<div class=\"dipi-breadcrumbs dipi-bc-center\">\n                <ul >\n                    \n                                                        <li  class=\"dipi-breadcrumb-item dipi-breadcrumb-home\">\n\n                                                    <a  href=\"https:\/\/peyrassol.lecompasdigital.fr\/en\/\">\n                                <span  content=\"Home\">\n                                                                        Peyrassol                                <\/span>\n                            <\/a>\n\n                                                <meta itemprop=\"position\" content=\"1\"\/>                    <\/li>\n\n                    <li class=\"dipi-breadcrumb-separator\">\n                    <span class=\"dipi-separator-symbol\">\/<\/span>\n                <\/li>                            \n                <\/ul>\n            <\/div>\n\t\t\t\t<\/div>\n\t\t\t<\/div>OUR ROOMS AT &#8220;LA COMMANDERIE DE PEYRASSOL&#8221;In the heart of the village, directly accessible from our stone calade, the rooms at the Commanderie embody the Art of Living in Provence. Tastefully renovated in a style befitting the powerful [&hellip;]<\/p>\n","protected":false},"author":10,"featured_media":0,"parent":246488,"menu_order":0,"comment_status":"closed","ping_status":"closed","template":"","meta":{"_et_pb_use_builder":"on","_et_pb_old_content":"","_et_gb_content_width":"","footnotes":""},"dipi_cpt_category":[],"acf":[],"yoast_head":"<!-- This site is optimized with the Yoast SEO plugin v23.5 - https:\/\/yoast.com\/wordpress\/plugins\/seo\/ -->\n<title>La Commanderie de Peyrassol | Peyrassol<\/title>\n<meta name=\"robots\" content=\"noindex, follow, max-snippet:-1, max-image-preview:large, max-video-preview:-1\" \/>\n<meta property=\"og:locale\" content=\"en_US\" \/>\n<meta property=\"og:type\" content=\"article\" \/>\n<meta property=\"og:title\" content=\"La Commanderie de Peyrassol | Peyrassol\" \/>\n<meta property=\"og:description\" content=\"OUR ROOMS AT &quot;LA COMMANDERIE DE PEYRASSOL&quot;In the heart of the village, directly accessible from our stone calade, the rooms at the Commanderie embody the Art of Living in Provence. Tastefully renovated in a style befitting the powerful [&hellip;]\" \/>\n<meta property=\"og:url\" content=\"https:\/\/peyrassol.lecompasdigital.fr\/en\/restaurants-and-accommodation\/accommodation\/la-commanderie-de-peyrassol\/\" \/>\n<meta property=\"og:site_name\" content=\"Peyrassol\" \/>\n<meta property=\"article:modified_time\" content=\"2023-12-08T16:48:42+00:00\" \/>\n<meta name=\"twitter:card\" content=\"summary_large_image\" \/>\n<meta name=\"twitter:label1\" content=\"Est. reading time\" \/>\n\t<meta name=\"twitter:data1\" content=\"4 minutes\" \/>\n<script type=\"application\/ld+json\" class=\"yoast-schema-graph\">{\"@context\":\"https:\/\/schema.org\",\"@graph\":[{\"@type\":\"WebPage\",\"@id\":\"https:\/\/peyrassol.lecompasdigital.fr\/en\/restaurants-and-accommodation\/accommodation\/la-commanderie-de-peyrassol\/\",\"url\":\"https:\/\/peyrassol.lecompasdigital.fr\/en\/restaurants-and-accommodation\/accommodation\/la-commanderie-de-peyrassol\/\",\"name\":\"La Commanderie de Peyrassol | Peyrassol\",\"isPartOf\":{\"@id\":\"https:\/\/peyrassol.lecompasdigital.fr\/en\/#website\"},\"datePublished\":\"2022-02-03T13:40:13+00:00\",\"dateModified\":\"2023-12-08T16:48:42+00:00\",\"breadcrumb\":{\"@id\":\"https:\/\/peyrassol.lecompasdigital.fr\/en\/restaurants-and-accommodation\/accommodation\/la-commanderie-de-peyrassol\/#breadcrumb\"},\"inLanguage\":\"en-US\",\"potentialAction\":[{\"@type\":\"ReadAction\",\"target\":[\"https:\/\/peyrassol.lecompasdigital.fr\/en\/restaurants-and-accommodation\/accommodation\/la-commanderie-de-peyrassol\/\"]}]},{\"@type\":\"BreadcrumbList\",\"@id\":\"https:\/\/peyrassol.lecompasdigital.fr\/en\/restaurants-and-accommodation\/accommodation\/la-commanderie-de-peyrassol\/#breadcrumb\",\"itemListElement\":[{\"@type\":\"ListItem\",\"position\":1,\"name\":\"Accueil\",\"item\":\"https:\/\/peyrassol.lecompasdigital.fr\/en\/la-commanderie-de-peyrassol-en\/\"},{\"@type\":\"ListItem\",\"position\":2,\"name\":\"Restaurants and Accommodation\",\"item\":\"https:\/\/peyrassol.lecompasdigital.fr\/en\/restaurants-and-accommodation\/\"},{\"@type\":\"ListItem\",\"position\":3,\"name\":\"Accommodation\",\"item\":\"https:\/\/peyrassol.lecompasdigital.fr\/en\/restaurants-and-accommodation\/accommodation\/\"},{\"@type\":\"ListItem\",\"position\":4,\"name\":\"La Commanderie de Peyrassol\"}]},{\"@type\":\"WebSite\",\"@id\":\"https:\/\/peyrassol.lecompasdigital.fr\/en\/#website\",\"url\":\"https:\/\/peyrassol.lecompasdigital.fr\/en\/\",\"name\":\"Peyrassol\",\"description\":\"Domaine de Peyrassol\",\"potentialAction\":[{\"@type\":\"SearchAction\",\"target\":{\"@type\":\"EntryPoint\",\"urlTemplate\":\"https:\/\/peyrassol.lecompasdigital.fr\/en\/?s={search_term_string}\"},\"query-input\":{\"@type\":\"PropertyValueSpecification\",\"valueRequired\":true,\"valueName\":\"search_term_string\"}}],\"inLanguage\":\"en-US\"}]}<\/script>\n<!-- \/ Yoast SEO plugin. -->","yoast_head_json":{"title":"La Commanderie de Peyrassol | Peyrassol","robots":{"index":"noindex","follow":"follow","max-snippet":"max-snippet:-1","max-image-preview":"max-image-preview:large","max-video-preview":"max-video-preview:-1"},"og_locale":"en_US","og_type":"article","og_title":"La Commanderie de Peyrassol | Peyrassol","og_description":"OUR ROOMS AT \"LA COMMANDERIE DE PEYRASSOL\"In the heart of the village, directly accessible from our stone calade, the rooms at the Commanderie embody the Art of Living in Provence. Tastefully renovated in a style befitting the powerful [&hellip;]","og_url":"https:\/\/peyrassol.lecompasdigital.fr\/en\/restaurants-and-accommodation\/accommodation\/la-commanderie-de-peyrassol\/","og_site_name":"Peyrassol","article_modified_time":"2023-12-08T16:48:42+00:00","twitter_card":"summary_large_image","twitter_misc":{"Est. reading time":"4 minutes"},"schema":{"@context":"https:\/\/schema.org","@graph":[{"@type":"WebPage","@id":"https:\/\/peyrassol.lecompasdigital.fr\/en\/restaurants-and-accommodation\/accommodation\/la-commanderie-de-peyrassol\/","url":"https:\/\/peyrassol.lecompasdigital.fr\/en\/restaurants-and-accommodation\/accommodation\/la-commanderie-de-peyrassol\/","name":"La Commanderie de Peyrassol | Peyrassol","isPartOf":{"@id":"https:\/\/peyrassol.lecompasdigital.fr\/en\/#website"},"datePublished":"2022-02-03T13:40:13+00:00","dateModified":"2023-12-08T16:48:42+00:00","breadcrumb":{"@id":"https:\/\/peyrassol.lecompasdigital.fr\/en\/restaurants-and-accommodation\/accommodation\/la-commanderie-de-peyrassol\/#breadcrumb"},"inLanguage":"en-US","potentialAction":[{"@type":"ReadAction","target":["https:\/\/peyrassol.lecompasdigital.fr\/en\/restaurants-and-accommodation\/accommodation\/la-commanderie-de-peyrassol\/"]}]},{"@type":"BreadcrumbList","@id":"https:\/\/peyrassol.lecompasdigital.fr\/en\/restaurants-and-accommodation\/accommodation\/la-commanderie-de-peyrassol\/#breadcrumb","itemListElement":[{"@type":"ListItem","position":1,"name":"Accueil","item":"https:\/\/peyrassol.lecompasdigital.fr\/en\/la-commanderie-de-peyrassol-en\/"},{"@type":"ListItem","position":2,"name":"Restaurants and Accommodation","item":"https:\/\/peyrassol.lecompasdigital.fr\/en\/restaurants-and-accommodation\/"},{"@type":"ListItem","position":3,"name":"Accommodation","item":"https:\/\/peyrassol.lecompasdigital.fr\/en\/restaurants-and-accommodation\/accommodation\/"},{"@type":"ListItem","position":4,"name":"La Commanderie de Peyrassol"}]},{"@type":"WebSite","@id":"https:\/\/peyrassol.lecompasdigital.fr\/en\/#website","url":"https:\/\/peyrassol.lecompasdigital.fr\/en\/","name":"Peyrassol","description":"Domaine de Peyrassol","potentialAction":[{"@type":"SearchAction","target":{"@type":"EntryPoint","urlTemplate":"https:\/\/peyrassol.lecompasdigital.fr\/en\/?s={search_term_string}"},"query-input":{"@type":"PropertyValueSpecification","valueRequired":true,"valueName":"search_term_string"}}],"inLanguage":"en-US"}]}},"_links":{"self":[{"href":"https:\/\/peyrassol.lecompasdigital.fr\/en\/wp-json\/wp\/v2\/pages\/250066"}],"collection":[{"href":"https:\/\/peyrassol.lecompasdigital.fr\/en\/wp-json\/wp\/v2\/pages"}],"about":[{"href":"https:\/\/peyrassol.lecompasdigital.fr\/en\/wp-json\/wp\/v2\/types\/page"}],"author":[{"embeddable":true,"href":"https:\/\/peyrassol.lecompasdigital.fr\/en\/wp-json\/wp\/v2\/users\/10"}],"replies":[{"embeddable":true,"href":"https:\/\/peyrassol.lecompasdigital.fr\/en\/wp-json\/wp\/v2\/comments?post=250066"}],"version-history":[{"count":4,"href":"https:\/\/peyrassol.lecompasdigital.fr\/en\/wp-json\/wp\/v2\/pages\/250066\/revisions"}],"predecessor-version":[{"id":250104,"href":"https:\/\/peyrassol.lecompasdigital.fr\/en\/wp-json\/wp\/v2\/pages\/250066\/revisions\/250104"}],"up":[{"embeddable":true,"href":"https:\/\/peyrassol.lecompasdigital.fr\/en\/wp-json\/wp\/v2\/pages\/246488"}],"wp:attachment":[{"href":"https:\/\/peyrassol.lecompasdigital.fr\/en\/wp-json\/wp\/v2\/media?parent=250066"}],"wp:term":[{"taxonomy":"dipi_cpt_category","embeddable":true,"href":"https:\/\/peyrassol.lecompasdigital.fr\/en\/wp-json\/wp\/v2\/dipi_cpt_category?post=250066"}],"curies":[{"name":"wp","href":"https:\/\/api.w.org\/{rel}","templated":true}]}}